{"id":154,"date":"2015-07-16T09:12:44","date_gmt":"2015-07-16T09:12:44","guid":{"rendered":"http:\/\/test.kriesi.at\/minimal-portfolio\/?page_id=154"},"modified":"2026-01-12T01:10:00","modified_gmt":"2026-01-12T01:10:00","slug":"nossa-historia","status":"publish","type":"page","link":"https:\/\/colegioelim.com.br\/2026\/nossa-historia\/","title":{"rendered":"Nossa Hist\u00f3ria"},"content":{"rendered":"<div id='av_section_1'  class='avia-section av-9251l6-57f4218f06199be9eacc5b86331077c9 main_color avia-section-huge avia-no-border-styling  avia-builder-el-0  avia-builder-el-no-sibling  avia-bg-style-scroll container_wrap fullsize'  ><div class='container av-section-cont-open' ><main  role=\"main\" itemprop=\"mainContentOfPage\"  class='template-page content  av-content-full alpha units'><div class='post-entry post-entry-type-page post-entry-154'><div class='entry-content-wrapper clearfix'>\n\n<style type=\"text\/css\" data-created_by=\"avia_inline_auto\" id=\"style-css-av-8u0fmy-7fe74b4305f944208714e10cde5e9fb5\">\n#top .av-special-heading.av-8u0fmy-7fe74b4305f944208714e10cde5e9fb5{\npadding-bottom:20px;\nfont-size:40px;\n}\nbody .av-special-heading.av-8u0fmy-7fe74b4305f944208714e10cde5e9fb5 .av-special-heading-tag .heading-char{\nfont-size:25px;\n}\n#top #wrap_all .av-special-heading.av-8u0fmy-7fe74b4305f944208714e10cde5e9fb5 .av-special-heading-tag{\nfont-size:40px;\n}\n.av-special-heading.av-8u0fmy-7fe74b4305f944208714e10cde5e9fb5 .av-subheading{\nfont-size:15px;\n}\n\n@media only screen and (min-width: 480px) and (max-width: 767px){ \n#top #wrap_all .av-special-heading.av-8u0fmy-7fe74b4305f944208714e10cde5e9fb5 .av-special-heading-tag{\nfont-size:0.8em;\n}\n}\n\n@media only screen and (max-width: 479px){ \n#top #wrap_all .av-special-heading.av-8u0fmy-7fe74b4305f944208714e10cde5e9fb5 .av-special-heading-tag{\nfont-size:0.8em;\n}\n}\n<\/style>\n<div  class='av-special-heading av-8u0fmy-7fe74b4305f944208714e10cde5e9fb5 av-special-heading-h1 blockquote modern-quote modern-centered  avia-builder-el-1  el_before_av_one_fifth  avia-builder-el-first  av-inherit-size'><h1 class='av-special-heading-tag '  itemprop=\"headline\"  >Nossa Hist\u00f3ria<\/h1><div class=\"special-heading-border\"><div class=\"special-heading-inner-border\"><\/div><\/div><\/div>\n\n<style type=\"text\/css\" data-created_by=\"avia_inline_auto\" id=\"style-css-av-83jztu-bbf96ac490eab03173ed7a351cc39973\">\n.flex_column.av-83jztu-bbf96ac490eab03173ed7a351cc39973{\nborder-radius:0px 0px 0px 0px;\npadding:0px 0px 0px 0px;\n}\n<\/style>\n<div  class='flex_column av-83jztu-bbf96ac490eab03173ed7a351cc39973 av_one_fifth  avia-builder-el-2  el_after_av_heading  el_before_av_three_fifth  first flex_column_div av-zero-column-padding  '     ><\/div>\n<style type=\"text\/css\" data-created_by=\"avia_inline_auto\" id=\"style-css-av-x930y-2fd65994a6c785debd54d2a5505c0f3e\">\n.flex_column.av-x930y-2fd65994a6c785debd54d2a5505c0f3e{\nborder-radius:0px 0px 0px 0px;\npadding:0px 0px 0px 0px;\n}\n<\/style>\n<div  class='flex_column av-x930y-2fd65994a6c785debd54d2a5505c0f3e av_three_fifth  avia-builder-el-3  el_after_av_one_fifth  el_before_av_one_fifth  flex_column_div av-zero-column-padding  '     ><\/div>\n<style type=\"text\/css\" data-created_by=\"avia_inline_auto\" id=\"style-css-av-jjx62-de7fceb4122c4d1f1837ca24aa600764\">\n.flex_column.av-jjx62-de7fceb4122c4d1f1837ca24aa600764{\nborder-radius:0px 0px 0px 0px;\npadding:0px 0px 0px 0px;\n}\n<\/style>\n<div  class='flex_column av-jjx62-de7fceb4122c4d1f1837ca24aa600764 av_one_fifth  avia-builder-el-5  el_after_av_three_fifth  el_before_av_one_fifth  flex_column_div av-zero-column-padding  '     ><\/div>\n<style type=\"text\/css\" data-created_by=\"avia_inline_auto\" id=\"style-css-av-dfo5m-618457458c3d3b64415cce9b489ad96a\">\n.flex_column.av-dfo5m-618457458c3d3b64415cce9b489ad96a{\nborder-radius:0px 0px 0px 0px;\npadding:0px 0px 0px 0px;\n}\n<\/style>\n<div  class='flex_column av-dfo5m-618457458c3d3b64415cce9b489ad96a av_one_fifth  avia-builder-el-6  el_after_av_one_fifth  el_before_av_three_fifth  first flex_column_div av-zero-column-padding  column-top-margin'     ><\/div>\n<style type=\"text\/css\" data-created_by=\"avia_inline_auto\" id=\"style-css-av-8pwtle-96dcd4ac6ac4fea9b22cdbc7f24a582c\">\n.flex_column.av-8pwtle-96dcd4ac6ac4fea9b22cdbc7f24a582c{\nborder-radius:0px 0px 0px 0px;\npadding:0px 0px 0px 0px;\n}\n<\/style>\n<div  class='flex_column av-8pwtle-96dcd4ac6ac4fea9b22cdbc7f24a582c av_three_fifth  avia-builder-el-7  el_after_av_one_fifth  el_before_av_one_fifth  flex_column_div av-zero-column-padding  column-top-margin'     ><section  class='av_textblock_section av-8b8une-a096a4f29a8ed46f0344bb75174b3d05 '   itemscope=\"itemscope\" itemtype=\"https:\/\/schema.org\/CreativeWork\" ><div class='avia_textblock'  itemprop=\"text\" ><p><strong>Significado de Elim<\/strong><\/p>\n<p>ELIM \u00e9 um nome hebraico que tem tr\u00eas significados: um \u00e9 \u201clugar de descanso\u201d, o outro \u00e9 \u201c\u00e1rvore onde inclina-se\u201d e o \u00faltimo \u00e9 \u201cterebintos\u201d, uma \u00e1rvore que d\u00e1 fruto parecido com o pist\u00e1cio. \u00c9, portanto, um lugar de descanso e refrig\u00e9rio.<\/p>\n<p>\u201cEnt\u00e3o vieram a Elim, onde havia doze fontes de \u00e1gua e setenta palmeiras; e ali, junto das \u00e1guas, acamparam.\u201d<br \/>\nN\u00fameros 33:9b<\/p>\n<p><strong>Vis\u00e3o<\/strong><\/p>\n<p>Oferecer educa\u00e7\u00e3o com excel\u00eancia, ser refer\u00eancia no ensino, na arte e na pesquisa, visando a forma\u00e7\u00e3o integral do ser humano, em ambiente comprometido com os princ\u00edpios e valores crist\u00e3os.<\/p>\n<p><strong>Miss\u00e3o<\/strong><\/p>\n<p>Promover educa\u00e7\u00e3o de qualidade para formar cidad\u00e3os cr\u00edticos e conscientes, capazes de relacionar-se com Deus, consigo mesmo e com o mundo, preparando-os como agentes de transforma\u00e7\u00e3o atrav\u00e9s das diversas \u00e1reas do conhecimento e do desenvolvimento humano.<\/p>\n<p><strong>Valores<\/strong><\/p>\n<p><strong>COMPROMISSO<\/strong> \u2013 Oferecer uma educa\u00e7\u00e3o de qualidade em parceria com a fam\u00edlia para desenvolvimento e crescimento m\u00fatuo.<\/p>\n<p><strong>RESPEITO<\/strong> \u2013 Propiciar um ambiente acolhedor para a manifesta\u00e7\u00e3o de atitudes de valoriza\u00e7\u00e3o humana e multicultural.<\/p>\n<p><strong>SOLIDARIEDADE<\/strong> \u2013 Ensinar \u00e0s gera\u00e7\u00f5es a import\u00e2ncia da solidariedade, do acolhimento, do compartilhamento e do cuidado com o pr\u00f3ximo, expressando o amor atrav\u00e9s de um ambiente educador.<\/p>\n<p><strong>RESPONSABILIDADE SOCIAL \u2013<\/strong> Promover, no \u00e2mbito escolar, uma educa\u00e7\u00e3o comprometida com a\u00e7\u00f5es e comportamentos relacionados ao desenvolvimento social, que ultrapasse os limites da comunidade interna e seja vivenciada em toda a sociedade.<\/p>\n<p><strong>\u00c9TICA<\/strong> \u2013 Agir com integridade, corroborando com base nos valores \u00e9ticos e crist\u00e3os, perante as pessoas e a sociedade em geral.<\/p>\n<p><strong>AMOR<\/strong> \u2013 Amar a Deus e ao pr\u00f3ximo como amamos a n\u00f3s mesmos e, assim, cumprir a miss\u00e3o para a qual nascemos.<\/p>\n<\/div><\/section><\/div>\n<style type=\"text\/css\" data-created_by=\"avia_inline_auto\" id=\"style-css-av-b9hca-97a5e02367bc93b7f23cafab02548ca1\">\n.flex_column.av-b9hca-97a5e02367bc93b7f23cafab02548ca1{\nborder-radius:0px 0px 0px 0px;\npadding:0px 0px 0px 0px;\n}\n<\/style>\n<div  class='flex_column av-b9hca-97a5e02367bc93b7f23cafab02548ca1 av_one_fifth  avia-builder-el-9  el_after_av_three_fifth  avia-builder-el-last  flex_column_div av-zero-column-padding  column-top-margin'     ><\/div>\n\n","protected":false},"excerpt":{"rendered":"","protected":false},"author":1,"featured_media":0,"parent":0,"menu_order":0,"comment_status":"open","ping_status":"open","template":"","meta":{"footnotes":""},"class_list":["post-154","page","type-page","status-publish","hentry"],"_links":{"self":[{"href":"https:\/\/colegioelim.com.br\/2026\/wp-json\/wp\/v2\/pages\/154","targetHints":{"allow":["GET"]}}],"collection":[{"href":"https:\/\/colegioelim.com.br\/2026\/wp-json\/wp\/v2\/pages"}],"about":[{"href":"https:\/\/colegioelim.com.br\/2026\/wp-json\/wp\/v2\/types\/page"}],"author":[{"embeddable":true,"href":"https:\/\/colegioelim.com.br\/2026\/wp-json\/wp\/v2\/users\/1"}],"replies":[{"embeddable":true,"href":"https:\/\/colegioelim.com.br\/2026\/wp-json\/wp\/v2\/comments?post=154"}],"version-history":[{"count":6,"href":"https:\/\/colegioelim.com.br\/2026\/wp-json\/wp\/v2\/pages\/154\/revisions"}],"predecessor-version":[{"id":564,"href":"https:\/\/colegioelim.com.br\/2026\/wp-json\/wp\/v2\/pages\/154\/revisions\/564"}],"wp:attachment":[{"href":"https:\/\/colegioelim.com.br\/2026\/wp-json\/wp\/v2\/media?parent=154"}],"curies":[{"name":"wp","href":"https:\/\/api.w.org\/{rel}","templated":true}]}}